{"id":2,"date":"2015-12-09T03:33:20","date_gmt":"2015-12-09T03:33:20","guid":{"rendered":"http:\/\/wp44m.a10-52-158-154.qa.plesk.ru\/wordpress\/?page_id=2"},"modified":"2026-01-26T15:39:17","modified_gmt":"2026-01-26T14:39:17","slug":"sample-page","status":"publish","type":"page","link":"https:\/\/tierarztpraxis-kaulsdorf-sued.de\/","title":{"rendered":"Willkommen in der Tierarztpraxis Kaulsdorf-S\u00fcd"},"content":{"rendered":"\n<p class=\"has-vivid-red-color has-text-color has-link-color has-large-font-size wp-elements-a791f5c50538a7c0dc1a09b43639b765\"><\/p>\n\n\n\n<p><\/p>\n\n\n\n<p><strong><mark style=\"background-color:rgba(0, 0, 0, 0)\" class=\"has-inline-color has-vivid-red-color\">Neue \u00d6ffnungszeiten:<\/mark><\/strong> <\/p>\n\n\n\n<p><strong><mark style=\"background-color:rgba(0, 0, 0, 0)\" class=\"has-inline-color has-vivid-red-color\">Ab 1.1.26 \u00e4ndert sich auch der Freitag auf 14-18Uhr<\/mark><\/strong><\/p>\n\n\n\n<figure class=\"wp-block-table is-style-stripes\"><table class=\"has-fixed-layout\"><tbody><tr><td class=\"has-text-align-center\" data-align=\"center\"><strong>Montag<\/strong>  <\/td><td class=\"has-text-align-center\" data-align=\"center\"><strong>Dienstag<\/strong><\/td><td class=\"has-text-align-center\" data-align=\"center\"><strong>Mittwoch<\/strong><\/td><td class=\"has-text-align-center\" data-align=\"center\"><strong>Donnerstag<\/strong> <\/td><td class=\"has-text-align-center\" data-align=\"center\">  <strong> Freitag<\/strong><\/td><td class=\"has-text-align-center\" data-align=\"center\"><strong>Samstag<\/strong><\/td><\/tr><tr><td class=\"has-text-align-center\" data-align=\"center\">10-12Uhr<\/td><td class=\"has-text-align-center\" data-align=\"center\">10-12Uhr<\/td><td class=\"has-text-align-center\" data-align=\"center\">&#8211;<\/td><td class=\"has-text-align-center\" data-align=\"center\">10-12Uhr<\/td><td class=\"has-text-align-center\" data-align=\"center\">&#8211;<\/td><td class=\"has-text-align-center\" data-align=\"center\">&#8211;<\/td><\/tr><tr><td class=\"has-text-align-center\" data-align=\"center\"><strong><mark style=\"background-color:rgba(0, 0, 0, 0)\" class=\"has-inline-color has-vivid-red-color\">14-18Uhr<\/mark><\/strong><\/td><td class=\"has-text-align-center\" data-align=\"center\"><strong><mark style=\"background-color:rgba(0, 0, 0, 0)\" class=\"has-inline-color has-vivid-red-color\">14-18Uhr<\/mark><\/strong><\/td><td class=\"has-text-align-center\" data-align=\"center\">15-19Uhr<\/td><td class=\"has-text-align-center\" data-align=\"center\"><strong><mark style=\"background-color:rgba(0, 0, 0, 0)\" class=\"has-inline-color has-vivid-red-color\">14-18Uhr<\/mark><\/strong><\/td><td class=\"has-text-align-center\" data-align=\"center\"><strong><mark style=\"background-color:rgba(0, 0, 0, 0)\" class=\"has-inline-color has-vivid-red-color\">14-18Uhr<\/mark><\/strong><\/td><td class=\"has-text-align-center\" data-align=\"center\"><\/td><\/tr><\/tbody><\/table><\/figure>\n\n\n<h5>&nbsp;<\/h5>\n<h3><span class=\"lh-1 font-size-18\" style=\"color: #18a3a3;\">Liebe Patientenbesitzer,<\/span><\/h3>\n<div>wir sind eine Tierarztpraxis f\u00fcr Klein- und Heimtiere.<\/div>\n<div>Unsere Sprechstunde erfolgt ohne Termine, Sie k\u00f6nnen jederzeit innerhalb der Sprechzeiten zu uns kommen. Wir behalten uns aber vor (je nach Patientenaufkommen) eine halbe Stunde vor Sprechstundenende keine Patienten mehr anzunehmen.<\/div>\n<div>F\u00fcr Operartionen vereinbaren Sie aber bitte telefonisch oder pers\u00f6nlich einen Termin (nicht per E-Mail).<\/div>\n<div>Sollten Sie noch nicht mit Ihrem Tier bei uns Patient sein, bitten wir Sie vor Vereinbarung eines Operationstermins Ihr Tier bei uns vorzustellen.<\/div>\n<div>&nbsp;<\/div>\n<p><span style=\"color: #000000;\"><strong>Wir f\u00fchren keine Hausbesuche durch. <\/strong><\/span><\/p>\n<h3>Unser Praxis &#8211; Team<\/h3>\n<p><strong><em>Praxisinhaberin:<\/em><\/strong>&nbsp;<strong>Tier\u00e4rztin Friederike Juraske<\/strong><\/p>\n<p><img loading=\"lazy\" decoding=\"async\" class=\"wp-image-600 size-medium alignleft\" src=\"http:\/\/tierarztpraxis-kaulsdorf-sued.de\/wp-content\/uploads\/2022\/01\/15BW9094-300x200.jpg\" alt=\"\" width=\"300\" height=\"200\" srcset=\"https:\/\/tierarztpraxis-kaulsdorf-sued.de\/wp-content\/uploads\/2022\/01\/15BW9094-300x200.jpg 300w, https:\/\/tierarztpraxis-kaulsdorf-sued.de\/wp-content\/uploads\/2022\/01\/15BW9094-1024x683.jpg 1024w, https:\/\/tierarztpraxis-kaulsdorf-sued.de\/wp-content\/uploads\/2022\/01\/15BW9094-768x512.jpg 768w, https:\/\/tierarztpraxis-kaulsdorf-sued.de\/wp-content\/uploads\/2022\/01\/15BW9094-1536x1024.jpg 1536w, https:\/\/tierarztpraxis-kaulsdorf-sued.de\/wp-content\/uploads\/2022\/01\/15BW9094-2048x1365.jpg 2048w\" sizes=\"auto, (max-width: 300px) 100vw, 300px\" \/><\/p>\n<p>&nbsp;<\/p>\n<p>Viele Patientenbesitzer und Ihre Tiere kennen mich in dieser Praxis bereits seit April 2016 als praktische Tier\u00e4rztin. Im Januar 2020 habe ich die Praxis von Dr. B\u00f6hme \u00fcbernommen. Ich freue mich auf eine gute, vertrauensvolle Zusammenarbeit.<\/p>\n<p>&nbsp;<\/p>\n<p>&nbsp;<\/p>\n<p><em><strong>Angestellte Tier\u00e4rztin: <\/strong><\/em><strong>Frau Mag.med.vet. Stefanie Krupp<\/strong><\/p>\n<p><strong><img loading=\"lazy\" decoding=\"async\" class=\"size-medium wp-image-649 alignleft\" src=\"http:\/\/tierarztpraxis-kaulsdorf-sued.de\/wp-content\/uploads\/2022\/10\/15BW9348-300x200.jpg\" alt=\"\" width=\"300\" height=\"200\" srcset=\"https:\/\/tierarztpraxis-kaulsdorf-sued.de\/wp-content\/uploads\/2022\/10\/15BW9348-300x200.jpg 300w, https:\/\/tierarztpraxis-kaulsdorf-sued.de\/wp-content\/uploads\/2022\/10\/15BW9348-1024x683.jpg 1024w, https:\/\/tierarztpraxis-kaulsdorf-sued.de\/wp-content\/uploads\/2022\/10\/15BW9348-768x512.jpg 768w, https:\/\/tierarztpraxis-kaulsdorf-sued.de\/wp-content\/uploads\/2022\/10\/15BW9348-1536x1024.jpg 1536w, https:\/\/tierarztpraxis-kaulsdorf-sued.de\/wp-content\/uploads\/2022\/10\/15BW9348-2048x1365.jpg 2048w\" sizes=\"auto, (max-width: 300px) 100vw, 300px\" \/>&nbsp;&nbsp;&nbsp;&nbsp;&nbsp; <\/strong><\/p>\n<p>Seit Februar 2022 in unserem Team. &nbsp;&nbsp;&nbsp;&nbsp;&nbsp;&nbsp;&nbsp;&nbsp;&nbsp;&nbsp;&nbsp;&nbsp;&nbsp;&nbsp;&nbsp;&nbsp;&nbsp;&nbsp;&nbsp;&nbsp;&nbsp;&nbsp;&nbsp;&nbsp;&nbsp;&nbsp;&nbsp;&nbsp;&nbsp;&nbsp;<\/p>\n<p>Frau Mag.med.vet. Krupp \u00fcbernimmt bei uns die Ultraschalluntersuchungen (Termin), Sprechstunden und Operationen.<\/p>\n<p>&nbsp;<\/p>\n<p>&nbsp;<\/p>\n<p><em><strong>Tiermedizinische Fachangestellte Steffi Hinterthan:<\/strong><\/em><\/p>\n<p><img loading=\"lazy\" decoding=\"async\" class=\"size-medium wp-image-606 alignleft\" src=\"http:\/\/tierarztpraxis-kaulsdorf-sued.de\/wp-content\/uploads\/2022\/01\/15BW9000-300x200.jpg\" alt=\"\" width=\"300\" height=\"200\" srcset=\"https:\/\/tierarztpraxis-kaulsdorf-sued.de\/wp-content\/uploads\/2022\/01\/15BW9000-300x200.jpg 300w, https:\/\/tierarztpraxis-kaulsdorf-sued.de\/wp-content\/uploads\/2022\/01\/15BW9000-1024x683.jpg 1024w, https:\/\/tierarztpraxis-kaulsdorf-sued.de\/wp-content\/uploads\/2022\/01\/15BW9000-768x512.jpg 768w, https:\/\/tierarztpraxis-kaulsdorf-sued.de\/wp-content\/uploads\/2022\/01\/15BW9000-1536x1024.jpg 1536w, https:\/\/tierarztpraxis-kaulsdorf-sued.de\/wp-content\/uploads\/2022\/01\/15BW9000-2048x1365.jpg 2048w\" sizes=\"auto, (max-width: 300px) 100vw, 300px\" \/><\/p>\n<p>&nbsp;<\/p>\n<p>&nbsp;<\/p>\n<p>Steffi ist seit 14Jahren Tiermedizinische Fachangestellte und war in verschiedenen Praxen t\u00e4tig. Seit August 2020 vervollst\u00e4ndigt sie unser Team.<\/p>\n<p>&nbsp;<\/p>\n<p>&nbsp;<\/p>\n<p><em><strong>Tiermedizinische Fachangestellte Angelika Schmidt: <\/strong><\/em><em>(Foto folgt)<\/em><\/p>\n<p>Seit Juli 2024 in unserem Team.<\/p>\n<p>&nbsp;<\/p>\n<p><strong><em>Auszubildende<\/em>:&nbsp;&nbsp;&nbsp;&nbsp;<\/strong><\/p>\n<p><strong>Lea Lorer<\/strong> ( 3.Lehrjahr )<\/p>\n<p><strong>Rilana Jeschky&nbsp;<\/strong>( 1.Lehrjahr ) &nbsp;&nbsp;&nbsp;&nbsp;&nbsp;&nbsp;&nbsp;&nbsp;&nbsp;&nbsp;&nbsp;&nbsp;&nbsp;&nbsp;&nbsp;&nbsp;&nbsp;&nbsp;&nbsp;&nbsp;&nbsp;&nbsp;&nbsp;&nbsp;&nbsp;&nbsp;&nbsp;&nbsp;&nbsp;&nbsp;&nbsp;&nbsp;&nbsp;&nbsp;&nbsp;&nbsp;&nbsp;&nbsp;&nbsp;&nbsp;&nbsp;&nbsp;&nbsp;&nbsp;&nbsp;&nbsp;&nbsp;&nbsp;&nbsp;&nbsp;&nbsp;&nbsp;&nbsp;&nbsp;&nbsp;&nbsp;&nbsp;&nbsp;&nbsp;&nbsp;&nbsp;&nbsp;&nbsp;&nbsp;&nbsp;&nbsp;&nbsp;&nbsp;&nbsp;&nbsp;&nbsp;&nbsp;&nbsp;&nbsp;&nbsp;&nbsp;&nbsp;&nbsp;&nbsp;&nbsp;&nbsp;&nbsp;&nbsp;&nbsp;&nbsp;&nbsp;&nbsp;&nbsp;&nbsp;&nbsp;&nbsp;&nbsp;&nbsp;&nbsp;&nbsp;&nbsp;&nbsp;&nbsp;&nbsp;&nbsp;&nbsp;&nbsp;&nbsp;&nbsp;&nbsp;&nbsp;&nbsp;&nbsp;&nbsp;&nbsp;&nbsp;&nbsp;&nbsp;&nbsp;&nbsp;&nbsp;&nbsp;&nbsp;&nbsp;&nbsp;&nbsp;&nbsp;&nbsp;&nbsp;&nbsp;&nbsp;&nbsp;&nbsp;&nbsp;&nbsp;&nbsp;&nbsp;&nbsp;&nbsp;&nbsp;&nbsp;&nbsp;&nbsp;&nbsp;&nbsp;&nbsp;&nbsp;&nbsp;<\/p>\n<p>Wir k\u00f6nnen momentan leider keine Sch\u00fclerpraktika anbieten!<\/p>\n<p>&nbsp;<\/p>\n<p>F\u00fcr <strong>telefonische Terminvereinbarungen<\/strong> f\u00fcr geplante Operationen und Fragen k\u00f6nnen Sie uns w\u00e4hrend der Sprechzeiten unter folgender Rufnummer erreichen:<\/p>\n<p><strong>Telefon:<\/strong>&nbsp;(030) 566 61 76<\/p>\n<p><strong>Bitte haben Sie Verst\u00e4ndnis, dass wir w\u00e4hrend der Behandlung nicht immer ans Telefon gehen k\u00f6nnen. <br><\/strong><\/p>\n<p>&nbsp;<\/p>\n<p>Aufgrund der zu hohen Nebenkosten akzeptieren wir EC-Kartenzahlungen erst ab einem Betrag von&nbsp;20,00 \u20ac. &nbsp;<\/p>\n<p>Kreditkarten, wie Visa-, Debit-Card und Master-Card, Amex &nbsp;etc.&nbsp; werden nicht akzeptiert.<\/p>\n<p>Wegen vieler Nachfragen: Eine Debit-Card der DKB ist eine VISA-Karte, keine EC-Karte!!!<\/p>\n<p>&nbsp;<\/p>\n<p>\u00dcbrigens: Die klimatisierten Behandlungsr\u00e4ume machen es an heissen wie auch feucht-kalten Tagen f\u00fcr alle angenehmer.<\/p>\n<p><strong>&nbsp;<\/strong><\/p>\n<p>Ihr Praxis-Team der Tierarztpraxis Kaulsdorf-S\u00fcd<\/p>\n\n\n<p><\/p>\n","protected":false},"excerpt":{"rendered":"<p>Neue \u00d6ffnungszeiten: Ab 1.1.26 \u00e4ndert sich auch der Freitag auf 14-18Uhr Montag Dienstag Mittwoch Donnerstag Freitag Samstag 10-12Uhr 10-12Uhr &#8211; 10-12Uhr &#8211; &#8211; 14-18Uhr 14-18Uhr 15-19Uhr 14-18Uhr 14-18Uhr &nbsp; Liebe Patientenbesitzer, wir sind eine Tierarztpraxis f\u00fcr Klein- und Heimtiere. Unsere Sprechstunde erfolgt ohne Termine, Sie k\u00f6nnen jederzeit innerhalb der Sprechzeiten zu uns kommen. Wir behalten &hellip;<\/p>\n","protected":false},"author":1,"featured_media":0,"parent":0,"menu_order":0,"comment_status":"closed","ping_status":"open","template":"","meta":{"ngg_post_thumbnail":0,"footnotes":""},"class_list":["post-2","page","type-page","status-publish","hentry"],"_links":{"self":[{"href":"https:\/\/tierarztpraxis-kaulsdorf-sued.de\/index.php?rest_route=\/wp\/v2\/pages\/2","targetHints":{"allow":["GET"]}}],"collection":[{"href":"https:\/\/tierarztpraxis-kaulsdorf-sued.de\/index.php?rest_route=\/wp\/v2\/pages"}],"about":[{"href":"https:\/\/tierarztpraxis-kaulsdorf-sued.de\/index.php?rest_route=\/wp\/v2\/types\/page"}],"author":[{"embeddable":true,"href":"https:\/\/tierarztpraxis-kaulsdorf-sued.de\/index.php?rest_route=\/wp\/v2\/users\/1"}],"replies":[{"embeddable":true,"href":"https:\/\/tierarztpraxis-kaulsdorf-sued.de\/index.php?rest_route=%2Fwp%2Fv2%2Fcomments&post=2"}],"version-history":[{"count":209,"href":"https:\/\/tierarztpraxis-kaulsdorf-sued.de\/index.php?rest_route=\/wp\/v2\/pages\/2\/revisions"}],"predecessor-version":[{"id":898,"href":"https:\/\/tierarztpraxis-kaulsdorf-sued.de\/index.php?rest_route=\/wp\/v2\/pages\/2\/revisions\/898"}],"wp:attachment":[{"href":"https:\/\/tierarztpraxis-kaulsdorf-sued.de\/index.php?rest_route=%2Fwp%2Fv2%2Fmedia&parent=2"}],"curies":[{"name":"wp","href":"https:\/\/api.w.org\/{rel}","templated":true}]}}