{"id":8,"date":"2015-12-24T13:27:32","date_gmt":"2015-12-24T13:27:32","guid":{"rendered":"http:\/\/tierarztpraxis-boehme.de\/?page_id=8"},"modified":"2021-06-15T09:46:54","modified_gmt":"2021-06-15T07:46:54","slug":"anfahrt-kontakt","status":"publish","type":"page","link":"http:\/\/tierarztpraxis-kaulsdorf-sued.de\/?page_id=8","title":{"rendered":"Anfahrt \/ Kontakt"},"content":{"rendered":"<p><strong>Anschrift<\/strong><br \/>\nChemnitzer Strasse 211 \u2013 12621 Berlin \/ Kaulsdorf-S\u00fcd<br \/>\n<strong>Telefon:<\/strong> (030) 566 61 76<br \/>\n<strong>Fax:<\/strong> (030) 566 65 08<br \/>\n<strong>e-mail:<\/strong> juraske@tierarztpraxis-kaulsdorf-sued.de<\/p>\n<p>Hinweis: Bitte keine Kostenanfragen per Telefon oder E-Mail!<\/p>\n<p><strong>Anreise mit dem Bus<\/strong><br \/>\nvom Elsterwerdaer Platz (U 5): 269\u2032er; X 69\u2032er; 108\u2032 er<br \/>\naus Richtung K\u00f6penick: X 69\u2032 er; 190\u2032 er; Bus-Haltestelle ist \u201cChemnitzer Strasse\/J\u00e4gerstrasse\u201c.<br \/>\nFahrzeit ca. 5 Minuten.<\/p>\n<p><strong>Parkpl\u00e4tze<\/strong> finden Sie direkt gegen\u00fcber und in den benachbarten Strassen. Ein Befahren des Grundst\u00fcckes ist vom Hausbesitzer nicht erw\u00fcnscht und nur in besonderen Ausnahmef\u00e4llen nach Absprache mit uns m\u00f6glich<\/p>\n<p><strong>Anfahrtsskizze<br \/>\n<\/strong><a href=\"http:\/\/maps.google.de\/maps?q=52.486433,13.574563&amp;num=1&amp;t=h&amp;sll=52.486272,13.574396&amp;sspn=0.006295,0.006295&amp;hl=de&amp;ie=UTF8&amp;ll=52.486495,13.574504&amp;spn=0.000784,0.001717&amp;z=19&amp;iwloc=A&amp;source=embed\"><img loading=\"lazy\" decoding=\"async\" class=\"alignnone wp-image-9 size-full\" src=\"http:\/\/tierarztpraxis-boehme.de\/wp-content\/uploads\/2015\/12\/anfahrt.png\" alt=\"anfahrt\" width=\"506\" height=\"402\" srcset=\"http:\/\/tierarztpraxis-kaulsdorf-sued.de\/wp-content\/uploads\/2015\/12\/anfahrt.png 506w, http:\/\/tierarztpraxis-kaulsdorf-sued.de\/wp-content\/uploads\/2015\/12\/anfahrt-300x238.png 300w\" sizes=\"auto, (max-width: 506px) 100vw, 506px\" \/><\/a><\/p>\n","protected":false},"excerpt":{"rendered":"<p>Anschrift Chemnitzer Strasse 211 \u2013 12621 Berlin \/ Kaulsdorf-S\u00fcd Telefon: (030) 566 61 76 Fax: (030) 566 65 08 e-mail: juraske@tierarztpraxis-kaulsdorf-sued.de Hinweis: Bitte keine Kostenanfragen per Telefon oder E-Mail! Anreise mit dem Bus vom Elsterwerdaer Platz (U 5): 269\u2032er; X 69\u2032er; 108\u2032 er aus Richtung K\u00f6penick: X 69\u2032 er; 190\u2032 er; Bus-Haltestelle ist \u201cChemnitzer Strasse\/J\u00e4gerstrasse\u201c. &hellip;<\/p>\n","protected":false},"author":1,"featured_media":0,"parent":0,"menu_order":0,"comment_status":"closed","ping_status":"closed","template":"","meta":{"ngg_post_thumbnail":0,"footnotes":""},"class_list":["post-8","page","type-page","status-publish","hentry"],"_links":{"self":[{"href":"http:\/\/tierarztpraxis-kaulsdorf-sued.de\/index.php?rest_route=\/wp\/v2\/pages\/8","targetHints":{"allow":["GET"]}}],"collection":[{"href":"http:\/\/tierarztpraxis-kaulsdorf-sued.de\/index.php?rest_route=\/wp\/v2\/pages"}],"about":[{"href":"http:\/\/tierarztpraxis-kaulsdorf-sued.de\/index.php?rest_route=\/wp\/v2\/types\/page"}],"author":[{"embeddable":true,"href":"http:\/\/tierarztpraxis-kaulsdorf-sued.de\/index.php?rest_route=\/wp\/v2\/users\/1"}],"replies":[{"embeddable":true,"href":"http:\/\/tierarztpraxis-kaulsdorf-sued.de\/index.php?rest_route=%2Fwp%2Fv2%2Fcomments&post=8"}],"version-history":[{"count":6,"href":"http:\/\/tierarztpraxis-kaulsdorf-sued.de\/index.php?rest_route=\/wp\/v2\/pages\/8\/revisions"}],"predecessor-version":[{"id":536,"href":"http:\/\/tierarztpraxis-kaulsdorf-sued.de\/index.php?rest_route=\/wp\/v2\/pages\/8\/revisions\/536"}],"wp:attachment":[{"href":"http:\/\/tierarztpraxis-kaulsdorf-sued.de\/index.php?rest_route=%2Fwp%2Fv2%2Fmedia&parent=8"}],"curies":[{"name":"wp","href":"https:\/\/api.w.org\/{rel}","templated":true}]}}