{"id":183,"date":"2018-05-28T18:38:31","date_gmt":"2018-05-28T16:38:31","guid":{"rendered":"http:\/\/tierarztpraxis-boehme.de\/?page_id=183"},"modified":"2018-06-05T15:10:03","modified_gmt":"2018-06-05T13:10:03","slug":"datenschutzerklaerung","status":"publish","type":"page","link":"http:\/\/tierarztpraxis-kaulsdorf-sued.de\/?page_id=183","title":{"rendered":"Datenschutzerkl\u00e4rung"},"content":{"rendered":"<p>Seit dem 25.Mai 2018 gilt die EU-Datenschutz-Grundverordnung (DSGVO) , die auch Auswirkungen auf unsere tier\u00e4rztliche T\u00e4tigkeit und die Zusammenarbeit mit Ihnen hat:<\/p>\n<ol>\n<li>Die Patientendaten mit den Halterangaben (Name,Anschrift, Telefonnummern, ggf. e-mail-Adresse) werden in der Patientenkartei erfasst und unterliegen wie bisher der \u00e4rztlichen Schweigepflicht. Sie werden ohne Ihre ausdr\u00fcckliche, dokumentierte Zustimmung nicht an Dritte weitergegeben. Bei der Einsendung von Laborproben werden nur Name und Vorname des Tierbesitzers zur eindeutigen Befundzuordnung weitergegeben. Von diesen Einrichtungen liegt die Zusage zur zwingenden Einhaltung der DSGVO in ihrem Verarbeitungsprozess vor. Eine Anonymisierung Ihrer Personendaten durch \u00dcbernahme der Patientennummer lt. Praxis-EDV halten wir deshalb nicht f\u00fcr notwendig.<\/li>\n<li>Sollten Sie eine Abrechnung der Leistungen direkt zwischen Ihnen und dem Labor bevorzugen, ist Ihre Einwilligung zur Datenverarbeitung Ihrer personenbezogenen Daten (Name, Anschrift) zwingend notwendig.<\/li>\n<li>Zur Abwicklung des zwischen Ihnen und meiner Tierarztpraxis wie bisher mit jeder Behandlung einzugehenden &#8222;Behandlungsvertrages&#8220; verarbeiten wir von Ihnen sogenannte personenbezogene Daten (gem\u00e4\u00df Art.6 Abs. 1b DSGVO). Das sind Ihr Name, Ihre Anschrift, Telefonnummern und e-mail-Adresse. Die beiden letztgenannten nutzen wir nur, um auf schnellen und kosteng\u00fcnstigem Weg mit Ihnen zu kommunizieren , falls es im Verlaufe einer Behandlung dringend notwendig ist oder auch um mit Ihnen Behandlungsabl\u00e4ufe oder Behandlungstermine abzustimmen, Laborauswertungen zu \u00fcbermitteln und sofern gew\u00fcnscht, Erinnerungen an den anstehenden j\u00e4hrlichen Gesundheit-Check vorzunehmen. Sollten Sie mit letzterem nicht einverstanden sein, sprechen Sie uns bitte an. Eine Versendung von Werbe-e-mails erfolgt nicht.&nbsp;<\/li>\n<li>Die Speicherung dieser Daten erfolgt in einem PC-System, das passwortseitig und durch eine firewall abgesichert ist und auf das nur die Mitarbeiter meiner Praxis Zugriff haben. Fremdfirmen (z.B. externe Reinigungsunternehmen) sind bei uns nicht t\u00e4tig.<\/li>\n<li>Wir arbeiten mit keiner \u00e4rztlichen\/tier\u00e4rztlichen oder sonstigen Verrechnungsstelle zusammen und f\u00fchren keine Bonit\u00e4tsabfragen durch.<\/li>\n<li>Wir verwenden keine &#8222;Cookies&#8220; und\/oder Verlinkungen zu anderen Web-Seiten und Erheben auch keine Daten \u00fcber die Nutzung unserer Praxis-Web-Seite.<\/li>\n<li>Falls Sie bei Vorliegen eine Tierkrankenversicherung die Rechnungsabwicklung durch uns direkt vornehmen lassen wollen geben Sie mit der Abtretungserkl\u00e4rung Ihr Einverst\u00e4ndnis zur Weitergabe der daf\u00fcr notwendigen tier- und personenbezogenen Daten (i.d.R. Anschrift, Name des Halters, VS-Nummer; Angaben zum Tier und zum konkret zu regulierenden VS-Fall).<\/li>\n<li>Bei Zustandekommen eines Behandlungsvertrages (z.B. durch Ihren Wunsch zur Untersuchung\/Behandlung Ihres Tieres) werden Ihre personenbezogenen Daten aus steuerrechtlichen Gr\u00fcnden f\u00fcr mindestens 10 Jahre ab Erhebungsdatum bei uns gespeichert. Sie haben jederzeit das Recht auf Auskunft, welche Daten zu Ihrer Person gespeichert werden sowie das Recht zur Korrektur, falls diese fehlerhaft sind. Dazu ist es in beiderseitigem Interesse sinnvoll, die personenbezogenen Daten regelm\u00e4\u00dfig abzugleichen (z.B. Namens\u00e4nderung, Umzug , Telefonnummern und e-mail).<\/li>\n<li>Ihre personenbezogenen Daten werden &nbsp;an Dritte nur mit Ihrer ausdr\u00fcckliche und freiwilligen Einwilligung (Art. 6 Abs. 1 &nbsp;Satz 1a DSGVO) weitergegeben , es sei denn, die Weitergabe ist zur Geltendmachung, Aus\u00fcbung oder Verteidigung von Rechtsanspr\u00fcchen erforderlich (z.B. Inkasso-Unternehmen) und es besteht kein Grund zur Annahme, dass Sie ein \u00fcberwiegendes schutzw\u00fcrdiges Interesse an der Nichtweitergabe Ihrer Daten haben (Art. 6 Abs. 1 Satz 1 f ; Abs. 4 DSVGO). Eine Weitergabe erfolgt weiterhin f\u00fcr den Fall, dass daf\u00fcr eine gesetzliche Verpflichtung besteht (Art. 6 Abs. 1 Satz 1c DSGVO) oder dies gesetzlich zul\u00e4ssig und f\u00fcr die Abwicklung von Vertragsverh\u00e4ltnissen mit Ihnen erforderlich ist (Art. 6 Abs. 1 Satz 1 b DSGVO).&nbsp;<\/li>\n<li>Wir m\u00f6chten darauf hinweisen, dass wir nach verschiedenen Rechtsvorschriften (z.B. Arzneimittel- und Tierseuchenrecht, &nbsp;Verordnung \u00fcber die tier\u00e4rztliche Hausapotheke, Abgabe rezeptpflichtiger Medikamente ) personenbezogene Daten zwingend erfasse m\u00fcssen; ansonsten ist u.a. nach \u00a7\u00a7 611 GB, \u00a7 14 Abs.4 UStG i.V.m.\u00a7 33 UStDV das Zustandekommen eines Behandlungsvertrages nicht m\u00f6glich.<\/li>\n<li>Haben Sie uns eine schriftliche Einwilligung zur Verarbeitung Ihrer personenbezogenen Daten f\u00fcr bestimmte Zwecke erteilt (Art. 6 Abs. 1a DSGVO) k\u00f6nnen Sie diese jederzeit und ohne Angabe von Gr\u00fcnden widerrufen (Art. 7 Abs. 3 DSGVO).<\/li>\n<li>Die im Wartebereich und Behandlungszimmer installierten Video-Kameras sind nur au\u00dferhalb der Sprechzeiten aktiviert.<\/li>\n<li>Jeder Mitarbeiter unserer Praxis ist zur Einhaltung der Datenschutz-Verordnung verpflichtet und regelm\u00e4\u00dfig unterwiesen.<\/li>\n<li>Datenschutzverantwortlicher im Sinne der VO(Art. 3 und 5 DGSVO) ist der Praxisinhaber.<\/li>\n<\/ol>\n<p>&nbsp;<\/p>\n","protected":false},"excerpt":{"rendered":"<p>Seit dem 25.Mai 2018 gilt die EU-Datenschutz-Grundverordnung (DSGVO) , die auch Auswirkungen auf unsere tier\u00e4rztliche T\u00e4tigkeit und die Zusammenarbeit mit Ihnen hat: Die Patientendaten mit den Halterangaben (Name,Anschrift, Telefonnummern, ggf. e-mail-Adresse) werden in der Patientenkartei erfasst und unterliegen wie bisher der \u00e4rztlichen Schweigepflicht. Sie werden ohne Ihre ausdr\u00fcckliche, dokumentierte Zustimmung nicht an Dritte weitergegeben. Bei &hellip;<\/p>\n","protected":false},"author":1,"featured_media":0,"parent":13,"menu_order":4,"comment_status":"closed","ping_status":"closed","template":"","meta":{"ngg_post_thumbnail":0,"footnotes":""},"class_list":["post-183","page","type-page","status-publish","hentry"],"_links":{"self":[{"href":"http:\/\/tierarztpraxis-kaulsdorf-sued.de\/index.php?rest_route=\/wp\/v2\/pages\/183","targetHints":{"allow":["GET"]}}],"collection":[{"href":"http:\/\/tierarztpraxis-kaulsdorf-sued.de\/index.php?rest_route=\/wp\/v2\/pages"}],"about":[{"href":"http:\/\/tierarztpraxis-kaulsdorf-sued.de\/index.php?rest_route=\/wp\/v2\/types\/page"}],"author":[{"embeddable":true,"href":"http:\/\/tierarztpraxis-kaulsdorf-sued.de\/index.php?rest_route=\/wp\/v2\/users\/1"}],"replies":[{"embeddable":true,"href":"http:\/\/tierarztpraxis-kaulsdorf-sued.de\/index.php?rest_route=%2Fwp%2Fv2%2Fcomments&post=183"}],"version-history":[{"count":4,"href":"http:\/\/tierarztpraxis-kaulsdorf-sued.de\/index.php?rest_route=\/wp\/v2\/pages\/183\/revisions"}],"predecessor-version":[{"id":191,"href":"http:\/\/tierarztpraxis-kaulsdorf-sued.de\/index.php?rest_route=\/wp\/v2\/pages\/183\/revisions\/191"}],"up":[{"embeddable":true,"href":"http:\/\/tierarztpraxis-kaulsdorf-sued.de\/index.php?rest_route=\/wp\/v2\/pages\/13"}],"wp:attachment":[{"href":"http:\/\/tierarztpraxis-kaulsdorf-sued.de\/index.php?rest_route=%2Fwp%2Fv2%2Fmedia&parent=183"}],"curies":[{"name":"wp","href":"https:\/\/api.w.org\/{rel}","templated":true}]}}